{"id":1715,"date":"2014-07-04T09:52:33","date_gmt":"2014-07-04T07:52:33","guid":{"rendered":"http:\/\/hisell.de\/keramik-sammler\/?page_id=1715"},"modified":"2017-09-12T10:06:44","modified_gmt":"2017-09-12T08:06:44","slug":"links","status":"publish","type":"page","link":"http:\/\/keramik-sammler.de\/?page_id=1715","title":{"rendered":"KERAMIK &#8211; LINKS"},"content":{"rendered":"<p><a name=\"anfang\"><\/a><\/p>\n<p style=\"text-align: justify;\">Hier finden Sie einige Links zum Thema Keramik. Falls Sie in diese Liste aufgenommen werden wollen oder einen Fehler entdecken, m\u00f6chte ich Sie bitten, mich <a href=\"https:\/\/www.keramik-sammler.de\/?page_id=1537\" target=\"_blank\" rel=\"noopener\">per Kontaktformular<\/a> zu kontaktieren.<\/p>\n<hr \/>\n<p><a href=\"#K\u00dcNSTLER\">K\u00dcNSTLER<\/a> | <a href=\"#GALERIEN\">GALERIEN<\/a> | <a href=\"#GRUPPEN\">GRUPPEN<\/a> | <a href=\"#MUSEEN\">MUSEEN<\/a> | <a href=\"#SAMMLUNGEN\">SAMMLUNGEN<\/a> | <a href=\"#MAGAZINE\">MAGAZINE<\/a><\/p>\n<p>&nbsp;<\/p>\n<p><a name=\"K\u00dcNSTLER\"><\/a><strong>K\u00dcNSTLER &#8211; DEUTSCHLAND<\/strong><\/p>\n<p><a href=\"http:\/\/www.karinbablok.de\/\" target=\"_blank\" rel=\"noopener\">Bablok, Karin &#8211; 21037 Hamburg<\/a><\/p>\n<p><a href=\"http:\/\/www.salzglasur.de\" target=\"_blank\" rel=\"noopener\">Bang, Stefan &#8211; 79418 Schliengen<\/a><\/p>\n<p><a href=\"http:\/\/www.schaddelmuehle.de\" target=\"_blank\" rel=\"noopener\">Brinkmann, Frank &#8211; 04680 Colditz<\/a><\/p>\n<p><a href=\"http:\/\/www.antjebrueggemann.de\/\" target=\"_blank\" rel=\"noopener\">Br\u00fcggemann, Antje &#8211; 36277 Schenklengsfeld<\/a><\/p>\n<p><a href=\"http:\/\/www.uc-keramik.de\/\" target=\"_blank\" rel=\"noopener\">Commandeur, Ursula &#8211; 44575 Castrop-Rauxel<\/a><\/p>\n<p><a href=\"http:\/\/www.akb-bremen.de\/GestalterInnen\/Keramik\/Claudia_Craemer\/1,43.html\" target=\"_blank\" rel=\"noopener\">Craemer, Claudia &#8211; 28870 Fischerhude<\/a><\/p>\n<p><a href=\"http:\/\/www.monika-debus.de\/\" target=\"_blank\" rel=\"noopener\">Debus, Monika &#8211; 56203 H\u00f6hr-Grenzhausen<\/a><\/p>\n<p><a href=\"http:\/\/www.ehrmingerkeramik.de\" target=\"_blank\" rel=\"noopener\">Ehrminger, Gabi &#8211; 78315 Radolfzell<\/a><\/p>\n<p><a href=\"http:\/\/www.keramik-fleckstein.de\/\" target=\"_blank\" rel=\"noopener\">Fleckstein, Cathy &#8211; 24211 Preetz<\/a><\/p>\n<p><a href=\"http:\/\/www.jaekel-keramik.de\" target=\"_blank\" rel=\"noopener\">J\u00e4kel, Enno &#8211; 50823 K\u00f6ln<\/a><\/p>\n<p><a href=\"http:\/\/www.heidi-kippenberg.de\/\" target=\"_blank\" rel=\"noopener\">Kippenberg, Heidi &#8211; 91463 Dietersheim<\/a><\/p>\n<p><a href=\"http:\/\/www.lutzkoenecke.de\/\" target=\"_blank\" rel=\"noopener\">K\u00f6necke, Lutz &#8211; 37186 Gro\u00dfenrode<\/a><\/p>\n<p><a href=\"http:\/\/www.anagamakrueger.com\" target=\"_blank\" rel=\"noopener\">Kr\u00fcger, Carola &amp; Reimar &#8211; 06528 Blankenheim<\/a><\/p>\n<p><a href=\"http:\/\/www.stephanielink.de\/index.php\" target=\"_blank\" rel=\"noopener\">Link, Stephanie &#8211; 31091 Coppengrave<\/a><\/p>\n<p><a href=\"http:\/\/www.uweloellmann.de\" target=\"_blank\" rel=\"noopener\">L\u00f6llmann, Uwe &#8211; 78247 Hilzingen<\/a><\/p>\n<p><a href=\"http:\/\/www.kerawerk-matzen.de\/\" target=\"_blank\" rel=\"noopener\">Matzen, Hannes &#8211; 24405 Mohrkirch<\/a><\/p>\n<p><a href=\"http:\/\/www.martin-mcwilliam.de\/\" target=\"_blank\" rel=\"noopener\">McWilliam, Martin &#8211; 26209 Sandhatten<\/a><\/p>\n<p><a href=\"http:\/\/www.moehring-keramik.de\" target=\"_blank\" rel=\"noopener\">M\u00f6hring, Christine &#8211; 41748 Viersen<\/a><\/p>\n<p><a href=\"http:\/\/www.johannesnagel.eu\/\" target=\"_blank\" rel=\"noopener\">Nagel, Johannes &#8211; 06114 Halle<\/a><\/p>\n<p><a href=\"http:\/\/www.arne-petersen.com\" target=\"_blank\" rel=\"noopener\">Petersen, Arne &#8211; 25849 Pellworm<\/a><\/p>\n<p><a href=\"http:\/\/www.lottereimers.de\/\" target=\"_blank\" rel=\"noopener\">Reimers, Lotte &#8211; 67146 Deidesheim<\/a><\/p>\n<p><a href=\"http:\/\/www.reinholdrieckmann.de\/\" target=\"_blank\" rel=\"noopener\">Rieckmann, Reinhold &#8211;\u00a034281 Kassel<\/a><\/p>\n<p><a href=\"http:\/\/www.jochenrueth.de\/start.htm\" target=\"_blank\" rel=\"noopener\">R\u00fcth, Jochen &#8211; 86687 Altisheim<\/a><\/p>\n<p><a href=\"http:\/\/www.ruffceramic.de\/\" target=\"_blank\" rel=\"noopener\">Ruff, Christine &#8211; 42103\u00a0 Wuppertal<\/a><\/p>\n<p><a href=\"http:\/\/www.eva-von-ruckteschell.de\/\" target=\"_blank\" rel=\"noopener\">Ruckteschell von, Eva &#8211; 79100 Freiburg<\/a><\/p>\n<p><a href=\"http:\/\/www.schlotz.de\/\" target=\"_blank\" rel=\"noopener\">Schlotz, Martin &#8211; 56291 Laudert<\/a><\/p>\n<p><a href=\"http:\/\/guidosengle.de\/\" target=\"_blank\" rel=\"noopener\">Sengle, Guido &#8211; 34134 Kassel<\/a><\/p>\n<p><a href=\"http:\/\/www.rauchbrand-keramikwerkstatt.de\" target=\"_blank\" rel=\"noopener\">Till, Karl-Heinz &#8211; 35466 Rabenau<\/a><\/p>\n<p><a href=\"http:\/\/www.petra-toeppe-zenker.de\" target=\"_blank\" rel=\"noopener\">T\u00f6ppe-Zenker, Petra &#8211; 99510 Kapellendorf<\/a><\/p>\n<p><a href=\"http:\/\/mikewagnerceramics.com\/\" target=\"_blank\" rel=\"noopener\">Wagner, Mike &#8211; 14524 Werder\/Gl\u00fcndow<\/a><\/p>\n<p><a href=\"http:\/\/www.mhw-keramik-wieding.de\/\" target=\"_blank\" rel=\"noopener\">Wieding-Kalz, Maria &#8211; 48720 Rosendahl<\/a><\/p>\n<p><a href=\"http:\/\/www.christiane-wilhelm-keramik.de\" target=\"_blank\" rel=\"noopener\">Wilhelm, Christiane &#8211; 80469 M\u00fcnchen<\/a><\/p>\n<p><a href=\"http:\/\/www.galeriefriederikezeit.de\/\" target=\"_blank\" rel=\"noopener\">Zeit, Friederike &#8211; 67146 Deidesheim<\/a><\/p>\n<p>&nbsp;<\/p>\n<p style=\"text-align: right;\"><a href=\"#anfang\">TOP<\/a><\/p>\n<p><strong>K\u00dcNSTLER &#8211; \u00d6STERREICH<\/strong><\/p>\n<p><a href=\"http:\/\/www.thomasbohle.com\" target=\"_blank\" rel=\"noopener\">Bohle, Thomas &#8211; Dornbirn<\/a><\/p>\n<p><a href=\"http:\/\/www.froehlich-keramik.com\/\" target=\"_blank\" rel=\"noopener\">Fr\u00f6hlich, Peter &#8211; 8114 St\u00fcbing<\/a><\/p>\n<p><a href=\"http:\/\/www.franklouis.de\/\" target=\"_blank\" rel=\"noopener\">Louis, Frank &#8211; \u00d6sterreich<\/a><\/p>\n<p>&nbsp;<\/p>\n<p style=\"text-align: right;\"><a href=\"#anfang\">TOP<\/a><\/p>\n<p><strong>K\u00dcNSTLER &#8211; D\u00c4NEMARK<\/strong><\/p>\n<p><a href=\"http:\/\/www.fulby.com\/\" target=\"_blank\" rel=\"noopener\">B\u00f6rjeson, Birgitte &amp; Hans &#8211; Fulby<\/a><\/p>\n<p>&nbsp;<\/p>\n<p style=\"text-align: right;\"><a href=\"#anfang\">TOP<\/a><\/p>\n<p><strong>K\u00dcNSTLER &#8211; SCHWEIZ<\/strong><\/p>\n<p><a href=\"http:\/\/www.sibyllemeier.com\" target=\"_blank\" rel=\"noopener\">Meier, Sibylle &#8211; Z\u00fcrich<\/a><\/p>\n<p><a href=\"http:\/\/keramikklausrothe.blogspot.de\/\" target=\"_blank\" rel=\"noopener\">Rothe, Klaus &#8211; Ermatingen\/ Bodensee<\/a><\/p>\n<p>&nbsp;<\/p>\n<p style=\"text-align: right;\"><a href=\"#anfang\">TOP<\/a><\/p>\n<p><strong>K\u00dcNSTLER &#8211; NIEDERLANDE<\/strong><\/p>\n<p><a href=\"http:\/\/www.jobheykamp.nl\/\" target=\"_blank\" rel=\"noopener\">Heykamp, Job &#8211; 7274 AD Geesteren<\/a><\/p>\n<p><a href=\"http:\/\/www.vanbussel-keramiek.nl\/\" target=\"_blank\" rel=\"noopener\">Van Bussel, Willy &#8211; 5591 JH Heeze<\/a><\/p>\n<p><a href=\"http:\/\/www.birgitvogels.nl\/\" target=\"_blank\" rel=\"noopener\">Vogels, Birgit &#8211; 3817 KL Amersfoort<\/a><\/p>\n<p>&nbsp;<\/p>\n<p style=\"text-align: right;\"><a href=\"#anfang\">TOP<\/a><\/p>\n<p><strong>K\u00dcNSTLER &#8211; ITALIEN<\/strong><\/p>\n<p><a href=\"http:\/\/terrydavies.it\/\" target=\"_blank\" rel=\"noopener\">Davies, Terry &#8211; Certaldo &#8211; Florence<\/a><\/p>\n<p><a href=\"http:\/\/www.putsch-grassi.it\/\" target=\"_blank\" rel=\"noopener\">Putsch-Grassi, Karin &#8211; Reggello (Florenz)<\/a><\/p>\n<p>&nbsp;<\/p>\n<p style=\"text-align: right;\"><a href=\"#anfang\">TOP<\/a><\/p>\n<p><strong>K\u00dcNSTLER &#8211; GRO\u00dfBRITANNIEN<\/strong><\/p>\n<p><a href=\"http:\/\/www.peterbeard.co.uk\/\" target=\"_blank\" rel=\"noopener\">Beard, Peter &#8211; Cubbington<\/a><\/p>\n<p><a href=\"http:\/\/matthewchambers.co.uk\" target=\"_blank\" rel=\"noopener\">Chambers, Matthew &#8211; Isle of Wight<\/a><\/p>\n<p><a href=\"http:\/\/www.keithvarney.co.uk\" target=\"_blank\" rel=\"noopener\">Varney, Keith &#8211; Somerset<\/a><\/p>\n<p>&nbsp;<\/p>\n<p style=\"text-align: right;\"><a href=\"#anfang\">TOP<\/a><\/p>\n<p><strong>K\u00dcNSTLER &#8211; POLEN<\/strong><\/p>\n<p><a href=\"http:\/\/kasperski.art.pl\/\" target=\"_blank\" rel=\"noopener\">Kasperski, Maciej &#8211; Wroclaw<\/a><\/p>\n<p style=\"text-align: right;\"><a href=\"#anfang\">TOP<\/a><\/p>\n<p>&nbsp;<\/p>\n<p><strong>K\u00dcNSTLER &#8211; SPANIEN<\/strong><\/p>\n<p><a href=\"http:\/\/www.crystalsforever.com\/indexde.html\" target=\"_blank\" rel=\"noopener\">Baum\u00f6ller, J\u00f6rg &#8211; <span class=\"Estilo20\">Barcelona<\/span><\/a><\/p>\n<p><a href=\"http:\/\/www.ceramicaixio.com\/\" target=\"_blank\" rel=\"noopener\">Ceramica IXIO Joan Serra \/ Mia Llauder &#8211; Barcelona<\/a><\/p>\n<p>&nbsp;<\/p>\n<p style=\"text-align: right;\"><a href=\"#anfang\">TOP<\/a><\/p>\n<p><strong>K\u00dcNSTLER &#8211; USA<\/strong><\/p>\n<p><a href=\"http:\/\/www.brettfreundportfolio.com\/\" target=\"_blank\" rel=\"noopener\">Freund, Brett &#8211; USA<\/a><\/p>\n<p><a href=\"http:\/\/www.hamlin-smith.com\/\" target=\"_blank\" rel=\"noopener\">Hamlin-Smith, Michael &#8211; Charlotte<\/a><\/p>\n<p><a href=\"http:\/\/www.studioianmcdonald.com\/\" target=\"_blank\" rel=\"noopener\">McDonald, Ian &#8211; San Francisco<\/a><\/p>\n<p>&nbsp;<\/p>\n<p style=\"text-align: right;\"><a href=\"#anfang\">TOP<\/a><\/p>\n<p><a name=\"GALERIEN\"><\/a><strong>GALERIEN<\/strong><\/p>\n<p><a href=\"http:\/\/www.studio-galerie-berlin.de\/\" target=\"_blank\" rel=\"noopener\">Studio Galerie Berlin &#8211; 10247 Berlin<\/a><\/p>\n<p><a href=\"http:\/\/www.galerietheis.de\/\" target=\"_blank\" rel=\"noopener\">Galerie Theis &#8211; 10585 Berlin<\/a><\/p>\n<p><a href=\"http:\/\/www.galerie-heller.de\" target=\"_blank\" rel=\"noopener\">Galerie Heller &#8211; 69117 Heidelberg<\/a><\/p>\n<p><a href=\"http:\/\/keramik-galerie-faita.de\/\" target=\"_blank\" rel=\"noopener\">Galerie Faita &#8211; 31785 Hameln<\/a><\/p>\n<p><a href=\"http:\/\/www.galerie-metzger.de\/\" target=\"_blank\" rel=\"noopener\">Galerie Metzger &#8211; 63867 Johannesberg <\/a><\/p>\n<p><a href=\"http:\/\/www.terra-rossa-leipzig.de\/\" target=\"_blank\" rel=\"noopener\">Terra Rossa &#8211; 04103 Leipzig<\/a><\/p>\n<p><a href=\"http:\/\/www.schwarz-weiss-design.de\/\" target=\"_blank\" rel=\"noopener\">Schwarz Wei\u00df &#8211; 04179 Leipzig<\/a><\/p>\n<p><a href=\"http:\/\/www.zeitkunstgalerie.de\/\" target=\"_blank\" rel=\"noopener\">Zeitkunstgalerie &#8211; 06108 Halle (Saale)<\/a><\/p>\n<p><a href=\"http:\/\/www.kultur-kasino.de\/\" target=\"_blank\" rel=\"noopener\">Kultur Kasino &#8211; 56203 H\u00f6hr-Grenzhausen<\/a><\/p>\n<p>&nbsp;<\/p>\n<p style=\"text-align: right;\"><a href=\"#anfang\">TOP<\/a><\/p>\n<p><a name=\"GRUPPEN\"><\/a><strong>GRUPPEN \/ VERB\u00c4NDE \/ INNUNG<br \/>\n<\/strong><\/p>\n<p><a href=\"http:\/\/www.gruppe83.de\/\" target=\"_blank\" rel=\"noopener\">Gruppe 83<\/a><\/p>\n<p><a href=\"http:\/\/www.keramikgruppe.de\/\" target=\"_blank\" rel=\"noopener\">Keramikgruppe Grenzhausen<\/a><\/p>\n<p><a href=\"http:\/\/www.aic-iac.org\" target=\"_blank\" rel=\"noopener\">AIC &#8211; Genf<\/a><\/p>\n<p><a href=\"http:\/\/www.keramikerinnungnordrhein.de\/\" target=\"_blank\" rel=\"noopener\">Keramikerinnung Nordrhein<\/a><\/p>\n<p><a href=\"http:\/\/www.ak-muenster.de\/\" target=\"_blank\" rel=\"noopener\">AK M\u00fcnster<\/a><\/p>\n<p>&nbsp;<\/p>\n<p style=\"text-align: right;\"><a href=\"#anfang\">TOP<\/a><\/p>\n<p><a name=\"MUSEEN\"><\/a><strong>MUSEEN &#8211; DEUTSCHLAND<br \/>\n<\/strong><\/p>\n<p><a href=\"http:\/\/www.grassimuseum.de\" target=\"_blank\" rel=\"noopener\">Grassi Museum &#8211; 04103 Leipzig<\/a><\/p>\n<p><a href=\"https:\/\/www.gera.de\/sixcms\/detail.php?id=15556\" target=\"_blank\" rel=\"noopener\">Museum f\u00fcr Angewandte Kunst &#8211; 07545 Gera<\/a><\/p>\n<p><a href=\"http:\/\/www.keramik-museum-buergel.de\/\" target=\"_blank\" rel=\"noopener\">Keramik Museum B\u00fcrgel &#8211; 07616 B\u00fcrgel<\/a><\/p>\n<p><a href=\"http:\/\/www.keramik-museum-berlin.de\" target=\"_blank\" rel=\"noopener\">Keramik-Museum Berlin &#8211; 10585 Berlin<\/a><\/p>\n<p><a href=\"http:\/\/www.toepfermuseum-duingen.de\" target=\"_blank\" rel=\"noopener\">T\u00f6pfermuseum Duingen &#8211; 31089 Duingen<\/a><\/p>\n<p><a href=\"http:\/\/www.keramik-um.de\/\" target=\"_blank\" rel=\"noopener\">Keramik-um &#8211; 37186 Fredelsloh <\/a><\/p>\n<p><a href=\"http:\/\/www.clemenswerth.de\" target=\"_blank\" rel=\"noopener\">Emslandmuseum Schloss Clemenswerth &#8211; 49751 S\u00f6gel<\/a><\/p>\n<p><a href=\"http:\/\/www.keramion.de\" target=\"_blank\" rel=\"noopener\">Keramion Frechen &#8211; 50226 Frechen<\/a><\/p>\n<p><a href=\"http:\/\/www.keramikmuseum.de\/\" target=\"_blank\" rel=\"noopener\">Keramikmuseum Westerwald &#8211; 56203 H\u00f6hr-Grenzhausen<\/a><\/p>\n<p><a href=\"http:\/\/keramik-sammlung.de\/\" target=\"_blank\" rel=\"noopener\">Villa Ludwigsh\u00f6he &#8211; 67480 Edenkoben<\/a><\/p>\n<p><a href=\"http:\/\/dnstdm.de\/\" target=\"_blank\" rel=\"noopener\">Internationales Keramik-Museum | Die neue Sammlung &#8211; 92637 Weiden<\/a><\/p>\n<p>&nbsp;<\/p>\n<p><strong>MUSEEN &#8211; D\u00c4NEMARK<br \/>\n<\/strong><\/p>\n<p><a href=\"http:\/\/claymuseum.dk\/\" target=\"_blank\" rel=\"noopener\">Clay Museum &#8211;\u00a0 5500 Middelfart (Keramikmuseum) ! SUPER !<\/a><\/p>\n<p><a href=\"http:\/\/www.trapholt.dk\/\" target=\"_blank\" rel=\"noopener\">Trapholt Museum &#8211; 6000 Kolding (Keramik, Kunst, M\u00f6beldesign)<\/a><\/p>\n<p><a href=\"http:\/\/www.vejenkunstmuseum.dk\" target=\"_blank\" rel=\"noopener\">Vejen Kunstmuseum &#8211; 6600 Vejen <\/a><\/p>\n<p>Die drei oben genannten Museen liegen ca. 50km beieinander!<\/p>\n<p>&nbsp;<\/p>\n<p><strong>MUSEEN &#8211; SCHWEDEN<\/strong><\/p>\n<p><a href=\"http:\/\/www.hoganasmuseum.se\/\" target=\"_blank\" rel=\"noopener\">H\u00f6gan\u00e4s Museum &#8211; 263 37 H\u00f6gan\u00e4s (\u00fcberwiegend Keramik)<\/a><\/p>\n<p style=\"text-align: right;\"><a href=\"#anfang\">TOP<\/a><\/p>\n<p style=\"text-align: left;\"><a name=\"SAMMLUNGEN\"><\/a><strong>SAMMLUNGEN \/ FOREN \/ FREUNDE<\/strong><\/p>\n<p><a href=\"http:\/\/keramiksammler.de\" target=\"_blank\" rel=\"noopener\">Gerald K\u00f6necke &#8211; (Carstens u.A.) &#8211; keramiksammler.de<\/a><\/p>\n<p><a href=\"http:\/\/www.kalkspatz.de\/\" target=\"_blank\" rel=\"noopener\">Kalkspatz e.V. Keramik-Forum<\/a><\/p>\n<p><a href=\"http:\/\/keramici.de\/\" target=\"_blank\" rel=\"noopener\">Keramici &#8211; Junge Keramikfreunde<\/a><\/p>\n<p><a href=\"http:\/\/potteryandglass.forumandco.com\/\" target=\"_blank\" rel=\"noopener\">Pottery &amp; Glass Forum (Industriekeramik 1950er-70er Jahre)<\/a><\/p>\n<p>&nbsp;<\/p>\n<p>&nbsp;<\/p>\n<p style=\"text-align: right;\"><a href=\"#anfang\">TOP<\/a><\/p>\n<p><a name=\"MAGAZINE\"><\/a><strong>MAGAZINE \/ VERLAGE<br \/>\n<\/strong><\/p>\n<p><a href=\"http:\/\/www.neuekeramik.de\" target=\"_blank\" rel=\"noopener\">Neue Keramik<\/a><\/p>\n<p><a href=\"http:\/\/www.keramische-zeitschrift.info\/\" target=\"_blank\" rel=\"noopener\">Keramische Zeitschrift<\/a><\/p>\n<p><a href=\"http:\/\/artaurea.de\/\" target=\"_blank\" rel=\"noopener\">Artaurea<\/a><\/p>\n<p><a href=\"http:\/\/arnoldsche.com\/\" target=\"_blank\" rel=\"noopener\">Arnoldsche Art Publishers<\/a><\/p>\n<p><a href=\"http:\/\/ceramicartsdaily.org\/ceramics-monthly\/\">Ceramics Monthly<\/a><\/p>\n<p style=\"text-align: right;\"><a href=\"#anfang\">TOP<\/a><\/p>\n","protected":false},"excerpt":{"rendered":"<p>Hier finden Sie einige Links zum Thema Keramik. Falls Sie in diese Liste aufgenommen werden wollen oder einen Fehler entdecken, m\u00f6chte ich Sie bitten, mich per Kontaktformular zu&#8230;<\/p>\n","protected":false},"author":2,"featured_media":0,"parent":0,"menu_order":7,"comment_status":"closed","ping_status":"closed","template":"","meta":{"ngg_post_thumbnail":0,"jetpack_post_was_ever_published":false,"footnotes":""},"class_list":["post-1715","page","type-page","status-publish","hentry"],"yoast_head":"<!-- This site is optimized with the Yoast SEO plugin v27.4 - https:\/\/yoast.com\/product\/yoast-seo-wordpress\/ -->\n<title>KERAMIK - LINKS - KERAMIK-SAMMLER.DE<\/title>\n<meta name=\"robots\" content=\"index, follow, max-snippet:-1, max-image-preview:large, max-video-preview:-1\" \/>\n<link rel=\"canonical\" href=\"http:\/\/keramik-sammler.de\/?page_id=1715\" \/>\n<meta property=\"og:locale\" content=\"de_DE\" \/>\n<meta property=\"og:type\" content=\"article\" \/>\n<meta property=\"og:title\" content=\"KERAMIK - LINKS - KERAMIK-SAMMLER.DE\" \/>\n<meta property=\"og:description\" content=\"Hier finden Sie einige Links zum Thema Keramik. Falls Sie in diese Liste aufgenommen werden wollen oder einen Fehler entdecken, m\u00f6chte ich Sie bitten, mich per Kontaktformular zu...\" \/>\n<meta property=\"og:url\" content=\"http:\/\/keramik-sammler.de\/?page_id=1715\" \/>\n<meta property=\"og:site_name\" content=\"KERAMIK-SAMMLER.DE\" \/>\n<meta property=\"article:modified_time\" content=\"2017-09-12T08:06:44+00:00\" \/>\n<meta name=\"twitter:card\" content=\"summary_large_image\" \/>\n<meta name=\"twitter:label1\" content=\"Gesch\u00e4tzte Lesezeit\" \/>\n\t<meta name=\"twitter:data1\" content=\"3\u00a0Minuten\" \/>\n<script type=\"application\/ld+json\" class=\"yoast-schema-graph\">{\"@context\":\"https:\\\/\\\/schema.org\",\"@graph\":[{\"@type\":\"WebPage\",\"@id\":\"http:\\\/\\\/keramik-sammler.de\\\/?page_id=1715\",\"url\":\"http:\\\/\\\/keramik-sammler.de\\\/?page_id=1715\",\"name\":\"KERAMIK - LINKS - KERAMIK-SAMMLER.DE\",\"isPartOf\":{\"@id\":\"http:\\\/\\\/keramik-sammler.de\\\/#website\"},\"datePublished\":\"2014-07-04T07:52:33+00:00\",\"dateModified\":\"2017-09-12T08:06:44+00:00\",\"breadcrumb\":{\"@id\":\"http:\\\/\\\/keramik-sammler.de\\\/?page_id=1715#breadcrumb\"},\"inLanguage\":\"de\",\"potentialAction\":[{\"@type\":\"ReadAction\",\"target\":[\"http:\\\/\\\/keramik-sammler.de\\\/?page_id=1715\"]}]},{\"@type\":\"BreadcrumbList\",\"@id\":\"http:\\\/\\\/keramik-sammler.de\\\/?page_id=1715#breadcrumb\",\"itemListElement\":[{\"@type\":\"ListItem\",\"position\":1,\"name\":\"Startseite\",\"item\":\"http:\\\/\\\/keramik-sammler.de\\\/\"},{\"@type\":\"ListItem\",\"position\":2,\"name\":\"KERAMIK &#8211; LINKS\"}]},{\"@type\":\"WebSite\",\"@id\":\"http:\\\/\\\/keramik-sammler.de\\\/#website\",\"url\":\"http:\\\/\\\/keramik-sammler.de\\\/\",\"name\":\"KERAMIK-SAMMLER.DE\",\"description\":\"informationsportal f\u00fcr  k\u00fcnstlerkeramik - studiokeramik - studio pottery\",\"publisher\":{\"@id\":\"http:\\\/\\\/keramik-sammler.de\\\/#\\\/schema\\\/person\\\/eef6090e4285e9bcbb672113504f7259\"},\"potentialAction\":[{\"@type\":\"SearchAction\",\"target\":{\"@type\":\"EntryPoint\",\"urlTemplate\":\"http:\\\/\\\/keramik-sammler.de\\\/?s={search_term_string}\"},\"query-input\":{\"@type\":\"PropertyValueSpecification\",\"valueRequired\":true,\"valueName\":\"search_term_string\"}}],\"inLanguage\":\"de\"},{\"@type\":[\"Person\",\"Organization\"],\"@id\":\"http:\\\/\\\/keramik-sammler.de\\\/#\\\/schema\\\/person\\\/eef6090e4285e9bcbb672113504f7259\",\"name\":\"Kevin B\u00fclow\",\"image\":{\"@type\":\"ImageObject\",\"inLanguage\":\"de\",\"@id\":\"http:\\\/\\\/keramik-sammler.de\\\/wp-content\\\/uploads\\\/2019\\\/04\\\/logo2019_-neu-crob.jpg\",\"url\":\"http:\\\/\\\/keramik-sammler.de\\\/wp-content\\\/uploads\\\/2019\\\/04\\\/logo2019_-neu-crob.jpg\",\"contentUrl\":\"http:\\\/\\\/keramik-sammler.de\\\/wp-content\\\/uploads\\\/2019\\\/04\\\/logo2019_-neu-crob.jpg\",\"width\":2784,\"height\":1074,\"caption\":\"Kevin B\u00fclow\"},\"logo\":{\"@id\":\"http:\\\/\\\/keramik-sammler.de\\\/wp-content\\\/uploads\\\/2019\\\/04\\\/logo2019_-neu-crob.jpg\"},\"sameAs\":[\"https:\\\/\\\/www.keramik-sammler.de\"]}]}<\/script>\n<!-- \/ Yoast SEO plugin. -->","yoast_head_json":{"title":"KERAMIK - LINKS - KERAMIK-SAMMLER.DE","robots":{"index":"index","follow":"follow","max-snippet":"max-snippet:-1","max-image-preview":"max-image-preview:large","max-video-preview":"max-video-preview:-1"},"canonical":"http:\/\/keramik-sammler.de\/?page_id=1715","og_locale":"de_DE","og_type":"article","og_title":"KERAMIK - LINKS - KERAMIK-SAMMLER.DE","og_description":"Hier finden Sie einige Links zum Thema Keramik. Falls Sie in diese Liste aufgenommen werden wollen oder einen Fehler entdecken, m\u00f6chte ich Sie bitten, mich per Kontaktformular zu...","og_url":"http:\/\/keramik-sammler.de\/?page_id=1715","og_site_name":"KERAMIK-SAMMLER.DE","article_modified_time":"2017-09-12T08:06:44+00:00","twitter_card":"summary_large_image","twitter_misc":{"Gesch\u00e4tzte Lesezeit":"3\u00a0Minuten"},"schema":{"@context":"https:\/\/schema.org","@graph":[{"@type":"WebPage","@id":"http:\/\/keramik-sammler.de\/?page_id=1715","url":"http:\/\/keramik-sammler.de\/?page_id=1715","name":"KERAMIK - LINKS - KERAMIK-SAMMLER.DE","isPartOf":{"@id":"http:\/\/keramik-sammler.de\/#website"},"datePublished":"2014-07-04T07:52:33+00:00","dateModified":"2017-09-12T08:06:44+00:00","breadcrumb":{"@id":"http:\/\/keramik-sammler.de\/?page_id=1715#breadcrumb"},"inLanguage":"de","potentialAction":[{"@type":"ReadAction","target":["http:\/\/keramik-sammler.de\/?page_id=1715"]}]},{"@type":"BreadcrumbList","@id":"http:\/\/keramik-sammler.de\/?page_id=1715#breadcrumb","itemListElement":[{"@type":"ListItem","position":1,"name":"Startseite","item":"http:\/\/keramik-sammler.de\/"},{"@type":"ListItem","position":2,"name":"KERAMIK &#8211; LINKS"}]},{"@type":"WebSite","@id":"http:\/\/keramik-sammler.de\/#website","url":"http:\/\/keramik-sammler.de\/","name":"KERAMIK-SAMMLER.DE","description":"informationsportal f\u00fcr  k\u00fcnstlerkeramik - studiokeramik - studio pottery","publisher":{"@id":"http:\/\/keramik-sammler.de\/#\/schema\/person\/eef6090e4285e9bcbb672113504f7259"},"potentialAction":[{"@type":"SearchAction","target":{"@type":"EntryPoint","urlTemplate":"http:\/\/keramik-sammler.de\/?s={search_term_string}"},"query-input":{"@type":"PropertyValueSpecification","valueRequired":true,"valueName":"search_term_string"}}],"inLanguage":"de"},{"@type":["Person","Organization"],"@id":"http:\/\/keramik-sammler.de\/#\/schema\/person\/eef6090e4285e9bcbb672113504f7259","name":"Kevin B\u00fclow","image":{"@type":"ImageObject","inLanguage":"de","@id":"http:\/\/keramik-sammler.de\/wp-content\/uploads\/2019\/04\/logo2019_-neu-crob.jpg","url":"http:\/\/keramik-sammler.de\/wp-content\/uploads\/2019\/04\/logo2019_-neu-crob.jpg","contentUrl":"http:\/\/keramik-sammler.de\/wp-content\/uploads\/2019\/04\/logo2019_-neu-crob.jpg","width":2784,"height":1074,"caption":"Kevin B\u00fclow"},"logo":{"@id":"http:\/\/keramik-sammler.de\/wp-content\/uploads\/2019\/04\/logo2019_-neu-crob.jpg"},"sameAs":["https:\/\/www.keramik-sammler.de"]}]}},"jetpack_sharing_enabled":true,"jetpack_shortlink":"https:\/\/wp.me\/P6UNPE-rF","_links":{"self":[{"href":"http:\/\/keramik-sammler.de\/index.php?rest_route=\/wp\/v2\/pages\/1715","targetHints":{"allow":["GET"]}}],"collection":[{"href":"http:\/\/keramik-sammler.de\/index.php?rest_route=\/wp\/v2\/pages"}],"about":[{"href":"http:\/\/keramik-sammler.de\/index.php?rest_route=\/wp\/v2\/types\/page"}],"author":[{"embeddable":true,"href":"http:\/\/keramik-sammler.de\/index.php?rest_route=\/wp\/v2\/users\/2"}],"replies":[{"embeddable":true,"href":"http:\/\/keramik-sammler.de\/index.php?rest_route=%2Fwp%2Fv2%2Fcomments&post=1715"}],"version-history":[{"count":111,"href":"http:\/\/keramik-sammler.de\/index.php?rest_route=\/wp\/v2\/pages\/1715\/revisions"}],"predecessor-version":[{"id":1732,"href":"http:\/\/keramik-sammler.de\/index.php?rest_route=\/wp\/v2\/pages\/1715\/revisions\/1732"}],"wp:attachment":[{"href":"http:\/\/keramik-sammler.de\/index.php?rest_route=%2Fwp%2Fv2%2Fmedia&parent=1715"}],"curies":[{"name":"wp","href":"https:\/\/api.w.org\/{rel}","templated":true}]}}