{"id":1653,"date":"2014-04-23T12:59:44","date_gmt":"2014-04-23T10:59:44","guid":{"rendered":"http:\/\/hisell.de\/keramik-sammler\/?page_id=1653"},"modified":"2026-02-10T19:15:09","modified_gmt":"2026-02-10T18:15:09","slug":"info","status":"publish","type":"page","link":"https:\/\/keramik-sammler.de\/?page_id=1653","title":{"rendered":"\u00dcBER DIESE WEBSEITE"},"content":{"rendered":"<p>WWW.KERAMIK-SAMMLER.DE<\/p>\n<p style=\"text-align: justify;\">Diese Webseite ist ein Online-Magazin und Informationsportal f\u00fcr Sammler von deutscher und europ\u00e4ischer K\u00fcnstlerkeramik des 20.\/21. Jahrhunderts. Ver\u00f6ffentlicht werden K\u00fcnstlerprofile und Keramiken mit dem Schwerpunkt K\u00fcnstlerkeramik \/ Studiokeramik. Jeder Sammler ist herzlich eingeladen zum Diskutieren, Kommentieren der Beitr\u00e4ge und Recherchieren der abgebildeten Objekte. Per Email zugesandte Bilder von Keramiken werden gerne ver\u00f6ffentlicht.<\/p>\n<div id=\"attachment_1992\" style=\"width: 235px\" class=\"wp-caption alignright\"><a href=\"http:\/\/www.schlotz.de\" target=\"_blank\" rel=\"noopener\"><img loading=\"lazy\" decoding=\"async\" aria-describedby=\"caption-attachment-1992\" class=\"wp-image-1992 size-medium\" src=\"https:\/\/keramik-sammler.de\/wp-content\/uploads\/2015\/06\/f0d74a9166-225x300.jpg\" alt=\"www.schlotz.de\" width=\"225\" height=\"300\" srcset=\"https:\/\/keramik-sammler.de\/wp-content\/uploads\/2015\/06\/f0d74a9166-225x300.jpg 225w, https:\/\/keramik-sammler.de\/wp-content\/uploads\/2015\/06\/f0d74a9166.jpg 450w\" sizes=\"auto, (max-width: 225px) 100vw, 225px\" \/><\/a><p id=\"caption-attachment-1992\" class=\"wp-caption-text\">Martin Schlotz<\/p><\/div>\n<p style=\"text-align: justify;\">Hier trifft die Moderne auf Tradition. Es werden K\u00fcnstler und Werkst\u00e4tten in Kurzprofilen vorgestellt. Zeitgen\u00f6ssische Keramikk\u00fcnstler d\u00fcrfen mich gerne kontaktieren falls sie eine kostenlose Profilseite auf dieser Webseite einrichten m\u00f6chten. Weitere Rubriken werden fortlaufend erg\u00e4nzt. Das Ziel ist eine umfangreiche Bestandsaufnahme des deutschen, handwerklich-keramischen Schaffens ab 1950 zu dokumentieren.<\/p>\n<p style=\"text-align: justify;\">Dieses Informationsportal soll allen Sammlern beim Suchen von Keramikmarken \/ Signaturen, K\u00fcnstlern, Werkst\u00e4tten und Veranstaltungen rund um das Thema Keramik helfen. Beitr\u00e4ge zum Identifizieren hier unbekannter Marken und Signaturen sind ausdr\u00fccklich erw\u00fcnscht! Auf Wunsch stelle ich hier auch gerne Termine f\u00fcr Ausstellungen, M\u00e4rkte und allgemeine Treffen rund um das Thema Keramik ein.<\/p>\n<p style=\"text-align: justify;\">Auf dieser Webseite wird keine Keramik angeboten oder verkauft.<\/p>\n<hr>\n<p style=\"text-align: justify;\">KURZ VORGESTELLT &#8211; ETWAS \u00dcBER MICH, KEVIN B\u00dcLOW<\/p>\n<p style=\"text-align: justify;\">Zu meiner Keramik-Leidenschaft bin ich durch regelm\u00e4\u00dfige Flohmarktg\u00e4nge gekommen. Meine Begeisterung galt industriell \/ seriell gefertigter Keramik aus den 1950er bis 1970er Jahren.&nbsp;&nbsp; Produkte der Firmen Carstens T\u00f6nnieshof, Otto Keramik, Steuler, Scheurich, Bay-Keramik, Jopeko und vielen weiteren Firmen waren Objekte der Begierde. Sch\u00f6n bunt sollte es sein&#8230; <img loading=\"lazy\" decoding=\"async\" class=\"alignright size-thumbnail wp-image-5534\" src=\"https:\/\/keramik-sammler.de\/wp-content\/uploads\/2014\/04\/f14395a-200x200.jpg\" alt=\"\" width=\"200\" height=\"200\" srcset=\"https:\/\/keramik-sammler.de\/wp-content\/uploads\/2014\/04\/f14395a-200x200.jpg 200w, https:\/\/keramik-sammler.de\/wp-content\/uploads\/2014\/04\/f14395a-300x300.jpg 300w, https:\/\/keramik-sammler.de\/wp-content\/uploads\/2014\/04\/f14395a-88x88.jpg 88w, https:\/\/keramik-sammler.de\/wp-content\/uploads\/2014\/04\/f14395a-973x973.jpg 973w, https:\/\/keramik-sammler.de\/wp-content\/uploads\/2014\/04\/f14395a-508x508.jpg 508w, https:\/\/keramik-sammler.de\/wp-content\/uploads\/2014\/04\/f14395a.jpg 1000w\" sizes=\"auto, (max-width: 200px) 100vw, 200px\" \/><img loading=\"lazy\" decoding=\"async\" class=\"alignright size-thumbnail wp-image-5537\" src=\"https:\/\/keramik-sammler.de\/wp-content\/uploads\/2014\/04\/f13487d-200x200.jpg\" alt=\"\" width=\"200\" height=\"200\" srcset=\"https:\/\/keramik-sammler.de\/wp-content\/uploads\/2014\/04\/f13487d-200x200.jpg 200w, https:\/\/keramik-sammler.de\/wp-content\/uploads\/2014\/04\/f13487d-88x88.jpg 88w\" sizes=\"auto, (max-width: 200px) 100vw, 200px\" \/>In Anlehnung an das Buch <a href=\"http:\/\/markhillpublishing.com\/learn\/fat-lava\/\" target=\"_blank\" rel=\"noopener\">&#8222;Fat Lava&#8220; von Mark Hill<\/a> habe ich die Online-Galerie www.fat-lava.de betrieben. Im Laufe der Jahre hat sich eine Vorliebe f\u00fcr Unikatkeramik entwickelt.<\/p>\n<p style=\"text-align: justify;\">Heute reise ich (wenn ich nicht am Computer sitze, etwas aus Holz baue, eine Fassade gestalte, Gem\u00fcse anbaue, wandere oder auch mal an der T\u00f6pferscheibe sitze) &nbsp; durch Deutschland um neue St\u00fccke f\u00fcr meine Sammlung zu finden.<\/p>\n<p style=\"text-align: justify;\">Falls Sie sich von ihrer Keramik trennen wollen oder m\u00f6chten, ich kaufe Einzelst\u00fccke und&nbsp; Sammlungen in ganz Deutschland an. Von Interesse ist s\u00e4mtliche K\u00fcnstlerkeramik \/ Studiokeramik aus der Zeit ab den 1950er Jahren bis heute.<\/p>\n<p><img loading=\"lazy\" decoding=\"async\" class=\"wp-image-5854 \" src=\"https:\/\/keramik-sammler.de\/wp-content\/uploads\/2017\/06\/IMG_20180108_230236.jpg\" alt=\"\" width=\"626\" height=\"545\" srcset=\"https:\/\/keramik-sammler.de\/wp-content\/uploads\/2017\/06\/IMG_20180108_230236.jpg 2295w, https:\/\/keramik-sammler.de\/wp-content\/uploads\/2017\/06\/IMG_20180108_230236-300x261.jpg 300w, https:\/\/keramik-sammler.de\/wp-content\/uploads\/2017\/06\/IMG_20180108_230236-1000x871.jpg 1000w, https:\/\/keramik-sammler.de\/wp-content\/uploads\/2017\/06\/IMG_20180108_230236-973x848.jpg 973w, https:\/\/keramik-sammler.de\/wp-content\/uploads\/2017\/06\/IMG_20180108_230236-508x443.jpg 508w\" sizes=\"auto, (max-width: 626px) 100vw, 626px\" \/><\/p>\n<p style=\"text-align: justify;\">Gesucht sind zum Beispiel: Beate Kuhn, Horst Kerstan, Otto Meier, G\u00f6rge Hohlt, Walter A. Heufelder, Walter Popp, Robert Sturm, Karl und Ursula Scheid, Karl Friedrich Korden, Heiner Balzar, Antje Br\u00fcggemann-Breckwoldt, Ralf Busz, Wolfgang Heyne, Heidi Kippenberg, Ruth Koppenh\u00f6fer, Konrad Quillmann, Christine Atmer de Reig, Jan Bontjes van Beek, Richard Bampi, Hubert Griemert, Bruno und Ingeborg Asshof, Gerald und Gotlind Weigel, Fritz und Vera Vehring, Dieter Crumbiegel und weitere deutsche Keramiker. Ich interessiere mich auch f\u00fcr Keramiken aus dem Ausland wie z.B. von Hans Coper, Bernard Leach, Lucie Rie, Colin Pearson, Edouard Chapallaz, Claude Champy, Gilbert Portanier, Livia &amp; Geza Gorka&#8230;<\/p>\n<p style=\"text-align: justify;\">Bitte keine T\u00f6pfe, b\u00e4uerliches oder rosafarbenes Geschirr, Waschbecken oder Fliesen anbieten.<\/p>\n<p style=\"text-align: justify;\">Gerne k\u00f6nnen Sie das unten angezeigte Kontaktformular nutzen und gleich Bilder mit in die Email einf\u00fcgen.<\/p>\n<p style=\"text-align: justify;\">Alternativ direkt per Email: kevinbuelow@gmx.de<\/p>\n<p style=\"text-align: justify;\"><strong>Achtung! Ich gebe <em>keine kostenlose Beratung<\/em> zum Thema Keramik \/ Keramikmarken, Preissch\u00e4tzungen. Ich bitte daher von Emails \/ Anrufen, zu diesem Anlass, abzusehen!<\/strong><\/p>\n<p style=\"text-align: justify;\">Viele Gr\u00fc\u00dfe aus Hildesheim,<br>Kevin B\u00fclow<\/p>\n<hr>\n<h3><strong>KONTAKTFORMULAR<\/strong><\/h3>\n\n<div class=\"wp-block-jetpack-contact-form is-style-animated\"><a href=\"https:\/\/keramik-sammler.de\/?page_id=1653\" target=\"_blank\" rel=\"noopener noreferrer\">Formular einreichen.<\/a><\/div>","protected":false},"excerpt":{"rendered":"<p>WWW.KERAMIK-SAMMLER.DE Diese Webseite ist ein Online-Magazin und Informationsportal f\u00fcr Sammler von deutscher und europ\u00e4ischer K\u00fcnstlerkeramik des 20.\/21. Jahrhunderts. Ver\u00f6ffentlicht werden K\u00fcnstlerprofile und Keramiken mit dem Schwerpunkt K\u00fcnstlerkeramik \/&#8230;<\/p>\n","protected":false},"author":2,"featured_media":0,"parent":0,"menu_order":1,"comment_status":"closed","ping_status":"closed","template":"","meta":{"ngg_post_thumbnail":0,"jetpack_post_was_ever_published":false,"footnotes":""},"class_list":["post-1653","page","type-page","status-publish","hentry"],"yoast_head":"<!-- This site is optimized with the Yoast SEO plugin v27.4 - https:\/\/yoast.com\/product\/yoast-seo-wordpress\/ -->\n<title>\u00dcBER DIESE WEBSEITE - KERAMIK-SAMMLER.DE<\/title>\n<meta name=\"description\" content=\"Dieses Informationsportal soll allen Sammlern beim Suchen von Keramikmarken \/ Signaturen, K\u00fcnstlern, Werkst\u00e4tten und Veranstaltungen rund um das Thema Keramik helfen.\" \/>\n<meta name=\"robots\" content=\"index, follow, max-snippet:-1, max-image-preview:large, max-video-preview:-1\" \/>\n<link rel=\"canonical\" href=\"https:\/\/keramik-sammler.de\/?page_id=1653\" \/>\n<meta property=\"og:locale\" content=\"de_DE\" \/>\n<meta property=\"og:type\" content=\"article\" \/>\n<meta property=\"og:title\" content=\"\u00dcBER DIESE WEBSEITE - KERAMIK-SAMMLER.DE\" \/>\n<meta property=\"og:description\" content=\"Dieses Informationsportal soll allen Sammlern beim Suchen von Keramikmarken \/ Signaturen, K\u00fcnstlern, Werkst\u00e4tten und Veranstaltungen rund um das Thema Keramik helfen.\" \/>\n<meta property=\"og:url\" content=\"https:\/\/keramik-sammler.de\/?page_id=1653\" \/>\n<meta property=\"og:site_name\" content=\"KERAMIK-SAMMLER.DE\" \/>\n<meta property=\"article:modified_time\" content=\"2026-02-10T18:15:09+00:00\" \/>\n<meta property=\"og:image\" content=\"https:\/\/keramik-sammler.de\/wp-content\/uploads\/2015\/06\/f0d74a9166-225x300.jpg\" \/>\n<meta name=\"twitter:card\" content=\"summary_large_image\" \/>\n<meta name=\"twitter:label1\" content=\"Gesch\u00e4tzte Lesezeit\" \/>\n\t<meta name=\"twitter:data1\" content=\"4\u00a0Minuten\" \/>\n<script type=\"application\/ld+json\" class=\"yoast-schema-graph\">{\"@context\":\"https:\\\/\\\/schema.org\",\"@graph\":[{\"@type\":\"WebPage\",\"@id\":\"https:\\\/\\\/keramik-sammler.de\\\/?page_id=1653\",\"url\":\"https:\\\/\\\/keramik-sammler.de\\\/?page_id=1653\",\"name\":\"\u00dcBER DIESE WEBSEITE - KERAMIK-SAMMLER.DE\",\"isPartOf\":{\"@id\":\"http:\\\/\\\/keramik-sammler.de\\\/#website\"},\"primaryImageOfPage\":{\"@id\":\"https:\\\/\\\/keramik-sammler.de\\\/?page_id=1653#primaryimage\"},\"image\":{\"@id\":\"https:\\\/\\\/keramik-sammler.de\\\/?page_id=1653#primaryimage\"},\"thumbnailUrl\":\"https:\\\/\\\/keramik-sammler.de\\\/wp-content\\\/uploads\\\/2015\\\/06\\\/f0d74a9166-225x300.jpg\",\"datePublished\":\"2014-04-23T10:59:44+00:00\",\"dateModified\":\"2026-02-10T18:15:09+00:00\",\"description\":\"Dieses Informationsportal soll allen Sammlern beim Suchen von Keramikmarken \\\/ Signaturen, K\u00fcnstlern, Werkst\u00e4tten und Veranstaltungen rund um das Thema Keramik helfen.\",\"breadcrumb\":{\"@id\":\"https:\\\/\\\/keramik-sammler.de\\\/?page_id=1653#breadcrumb\"},\"inLanguage\":\"de\",\"potentialAction\":[{\"@type\":\"ReadAction\",\"target\":[\"https:\\\/\\\/keramik-sammler.de\\\/?page_id=1653\"]}]},{\"@type\":\"ImageObject\",\"inLanguage\":\"de\",\"@id\":\"https:\\\/\\\/keramik-sammler.de\\\/?page_id=1653#primaryimage\",\"url\":\"https:\\\/\\\/keramik-sammler.de\\\/wp-content\\\/uploads\\\/2015\\\/06\\\/f0d74a9166-225x300.jpg\",\"contentUrl\":\"https:\\\/\\\/keramik-sammler.de\\\/wp-content\\\/uploads\\\/2015\\\/06\\\/f0d74a9166-225x300.jpg\"},{\"@type\":\"BreadcrumbList\",\"@id\":\"https:\\\/\\\/keramik-sammler.de\\\/?page_id=1653#breadcrumb\",\"itemListElement\":[{\"@type\":\"ListItem\",\"position\":1,\"name\":\"Startseite\",\"item\":\"http:\\\/\\\/keramik-sammler.de\\\/\"},{\"@type\":\"ListItem\",\"position\":2,\"name\":\"\u00dcBER DIESE WEBSEITE\"}]},{\"@type\":\"WebSite\",\"@id\":\"http:\\\/\\\/keramik-sammler.de\\\/#website\",\"url\":\"http:\\\/\\\/keramik-sammler.de\\\/\",\"name\":\"KERAMIK-SAMMLER.DE\",\"description\":\"informationsportal f\u00fcr  k\u00fcnstlerkeramik - studiokeramik - studio pottery\",\"publisher\":{\"@id\":\"http:\\\/\\\/keramik-sammler.de\\\/#\\\/schema\\\/person\\\/eef6090e4285e9bcbb672113504f7259\"},\"potentialAction\":[{\"@type\":\"SearchAction\",\"target\":{\"@type\":\"EntryPoint\",\"urlTemplate\":\"http:\\\/\\\/keramik-sammler.de\\\/?s={search_term_string}\"},\"query-input\":{\"@type\":\"PropertyValueSpecification\",\"valueRequired\":true,\"valueName\":\"search_term_string\"}}],\"inLanguage\":\"de\"},{\"@type\":[\"Person\",\"Organization\"],\"@id\":\"http:\\\/\\\/keramik-sammler.de\\\/#\\\/schema\\\/person\\\/eef6090e4285e9bcbb672113504f7259\",\"name\":\"Kevin B\u00fclow\",\"image\":{\"@type\":\"ImageObject\",\"inLanguage\":\"de\",\"@id\":\"http:\\\/\\\/keramik-sammler.de\\\/wp-content\\\/uploads\\\/2019\\\/04\\\/logo2019_-neu-crob.jpg\",\"url\":\"http:\\\/\\\/keramik-sammler.de\\\/wp-content\\\/uploads\\\/2019\\\/04\\\/logo2019_-neu-crob.jpg\",\"contentUrl\":\"http:\\\/\\\/keramik-sammler.de\\\/wp-content\\\/uploads\\\/2019\\\/04\\\/logo2019_-neu-crob.jpg\",\"width\":2784,\"height\":1074,\"caption\":\"Kevin B\u00fclow\"},\"logo\":{\"@id\":\"http:\\\/\\\/keramik-sammler.de\\\/wp-content\\\/uploads\\\/2019\\\/04\\\/logo2019_-neu-crob.jpg\"},\"sameAs\":[\"https:\\\/\\\/www.keramik-sammler.de\"]}]}<\/script>\n<!-- \/ Yoast SEO plugin. -->","yoast_head_json":{"title":"\u00dcBER DIESE WEBSEITE - KERAMIK-SAMMLER.DE","description":"Dieses Informationsportal soll allen Sammlern beim Suchen von Keramikmarken \/ Signaturen, K\u00fcnstlern, Werkst\u00e4tten und Veranstaltungen rund um das Thema Keramik helfen.","robots":{"index":"index","follow":"follow","max-snippet":"max-snippet:-1","max-image-preview":"max-image-preview:large","max-video-preview":"max-video-preview:-1"},"canonical":"https:\/\/keramik-sammler.de\/?page_id=1653","og_locale":"de_DE","og_type":"article","og_title":"\u00dcBER DIESE WEBSEITE - KERAMIK-SAMMLER.DE","og_description":"Dieses Informationsportal soll allen Sammlern beim Suchen von Keramikmarken \/ Signaturen, K\u00fcnstlern, Werkst\u00e4tten und Veranstaltungen rund um das Thema Keramik helfen.","og_url":"https:\/\/keramik-sammler.de\/?page_id=1653","og_site_name":"KERAMIK-SAMMLER.DE","article_modified_time":"2026-02-10T18:15:09+00:00","og_image":[{"url":"https:\/\/keramik-sammler.de\/wp-content\/uploads\/2015\/06\/f0d74a9166-225x300.jpg","type":"","width":"","height":""}],"twitter_card":"summary_large_image","twitter_misc":{"Gesch\u00e4tzte Lesezeit":"4\u00a0Minuten"},"schema":{"@context":"https:\/\/schema.org","@graph":[{"@type":"WebPage","@id":"https:\/\/keramik-sammler.de\/?page_id=1653","url":"https:\/\/keramik-sammler.de\/?page_id=1653","name":"\u00dcBER DIESE WEBSEITE - KERAMIK-SAMMLER.DE","isPartOf":{"@id":"http:\/\/keramik-sammler.de\/#website"},"primaryImageOfPage":{"@id":"https:\/\/keramik-sammler.de\/?page_id=1653#primaryimage"},"image":{"@id":"https:\/\/keramik-sammler.de\/?page_id=1653#primaryimage"},"thumbnailUrl":"https:\/\/keramik-sammler.de\/wp-content\/uploads\/2015\/06\/f0d74a9166-225x300.jpg","datePublished":"2014-04-23T10:59:44+00:00","dateModified":"2026-02-10T18:15:09+00:00","description":"Dieses Informationsportal soll allen Sammlern beim Suchen von Keramikmarken \/ Signaturen, K\u00fcnstlern, Werkst\u00e4tten und Veranstaltungen rund um das Thema Keramik helfen.","breadcrumb":{"@id":"https:\/\/keramik-sammler.de\/?page_id=1653#breadcrumb"},"inLanguage":"de","potentialAction":[{"@type":"ReadAction","target":["https:\/\/keramik-sammler.de\/?page_id=1653"]}]},{"@type":"ImageObject","inLanguage":"de","@id":"https:\/\/keramik-sammler.de\/?page_id=1653#primaryimage","url":"https:\/\/keramik-sammler.de\/wp-content\/uploads\/2015\/06\/f0d74a9166-225x300.jpg","contentUrl":"https:\/\/keramik-sammler.de\/wp-content\/uploads\/2015\/06\/f0d74a9166-225x300.jpg"},{"@type":"BreadcrumbList","@id":"https:\/\/keramik-sammler.de\/?page_id=1653#breadcrumb","itemListElement":[{"@type":"ListItem","position":1,"name":"Startseite","item":"http:\/\/keramik-sammler.de\/"},{"@type":"ListItem","position":2,"name":"\u00dcBER DIESE WEBSEITE"}]},{"@type":"WebSite","@id":"http:\/\/keramik-sammler.de\/#website","url":"http:\/\/keramik-sammler.de\/","name":"KERAMIK-SAMMLER.DE","description":"informationsportal f\u00fcr  k\u00fcnstlerkeramik - studiokeramik - studio pottery","publisher":{"@id":"http:\/\/keramik-sammler.de\/#\/schema\/person\/eef6090e4285e9bcbb672113504f7259"},"potentialAction":[{"@type":"SearchAction","target":{"@type":"EntryPoint","urlTemplate":"http:\/\/keramik-sammler.de\/?s={search_term_string}"},"query-input":{"@type":"PropertyValueSpecification","valueRequired":true,"valueName":"search_term_string"}}],"inLanguage":"de"},{"@type":["Person","Organization"],"@id":"http:\/\/keramik-sammler.de\/#\/schema\/person\/eef6090e4285e9bcbb672113504f7259","name":"Kevin B\u00fclow","image":{"@type":"ImageObject","inLanguage":"de","@id":"http:\/\/keramik-sammler.de\/wp-content\/uploads\/2019\/04\/logo2019_-neu-crob.jpg","url":"http:\/\/keramik-sammler.de\/wp-content\/uploads\/2019\/04\/logo2019_-neu-crob.jpg","contentUrl":"http:\/\/keramik-sammler.de\/wp-content\/uploads\/2019\/04\/logo2019_-neu-crob.jpg","width":2784,"height":1074,"caption":"Kevin B\u00fclow"},"logo":{"@id":"http:\/\/keramik-sammler.de\/wp-content\/uploads\/2019\/04\/logo2019_-neu-crob.jpg"},"sameAs":["https:\/\/www.keramik-sammler.de"]}]}},"jetpack_sharing_enabled":true,"jetpack_shortlink":"https:\/\/wp.me\/P6UNPE-qF","_links":{"self":[{"href":"https:\/\/keramik-sammler.de\/index.php?rest_route=\/wp\/v2\/pages\/1653","targetHints":{"allow":["GET"]}}],"collection":[{"href":"https:\/\/keramik-sammler.de\/index.php?rest_route=\/wp\/v2\/pages"}],"about":[{"href":"https:\/\/keramik-sammler.de\/index.php?rest_route=\/wp\/v2\/types\/page"}],"author":[{"embeddable":true,"href":"https:\/\/keramik-sammler.de\/index.php?rest_route=\/wp\/v2\/users\/2"}],"replies":[{"embeddable":true,"href":"https:\/\/keramik-sammler.de\/index.php?rest_route=%2Fwp%2Fv2%2Fcomments&post=1653"}],"version-history":[{"count":68,"href":"https:\/\/keramik-sammler.de\/index.php?rest_route=\/wp\/v2\/pages\/1653\/revisions"}],"predecessor-version":[{"id":11656,"href":"https:\/\/keramik-sammler.de\/index.php?rest_route=\/wp\/v2\/pages\/1653\/revisions\/11656"}],"wp:attachment":[{"href":"https:\/\/keramik-sammler.de\/index.php?rest_route=%2Fwp%2Fv2%2Fmedia&parent=1653"}],"curies":[{"name":"wp","href":"https:\/\/api.w.org\/{rel}","templated":true}]}}